{"id":24,"date":"2025-10-28T12:19:59","date_gmt":"2025-10-28T15:19:59","guid":{"rendered":"https:\/\/meridional.fruto9.com\/serra\/?page_id=24"},"modified":"2025-10-29T15:42:12","modified_gmt":"2025-10-29T18:42:12","slug":"qualidade","status":"publish","type":"page","link":"https:\/\/meridional.fruto9.com\/serra\/qualidade\/","title":{"rendered":"Qualidade"},"content":{"rendered":"\t\t<div data-elementor-type=\"wp-page\" data-elementor-id=\"24\" class=\"elementor elementor-24\" data-elementor-post-type=\"page\">\n\t\t\t\t<div class=\"elementor-element elementor-element-ec469b8 e-flex e-con-boxed e-con e-parent\" data-id=\"ec469b8\" data-element_type=\"container\" data-e-type=\"container\" data-settings=\"{&quot;background_background&quot;:&quot;classic&quot;}\">\n\t\t\t\t\t<div class=\"e-con-inner\">\n\t\t<div class=\"elementor-element elementor-element-d11084d e-con-full e-flex e-con e-child\" data-id=\"d11084d\" data-element_type=\"container\" data-e-type=\"container\">\n\t\t\t\t<div class=\"elementor-element elementor-element-1030762 elementor-widget elementor-widget-heading\" data-id=\"1030762\" data-element_type=\"widget\" data-e-type=\"widget\" data-widget_type=\"heading.default\">\n\t\t\t\t<div class=\"elementor-widget-container\">\n\t\t\t\t\t<h2 class=\"elementor-heading-title elementor-size-default\">Qualidade vem em 1\u00ba lugar porque nossa prioridade \u00e9 voc\u00ea<\/h2>\t\t\t\t<\/div>\n\t\t\t\t<\/div>\n\t\t\t\t<\/div>\n\t\t<div class=\"elementor-element elementor-element-2b2191c e-con-full e-flex e-con e-child\" data-id=\"2b2191c\" data-element_type=\"container\" data-e-type=\"container\">\n\t\t\t\t<\/div>\n\t\t\t\t\t<\/div>\n\t\t\t\t<\/div>\n\t\t<div class=\"elementor-element elementor-element-e06243b e-flex e-con-boxed e-con e-parent\" data-id=\"e06243b\" data-element_type=\"container\" data-e-type=\"container\">\n\t\t\t\t\t<div class=\"e-con-inner\">\n\t\t<div class=\"elementor-element elementor-element-771bb49 e-con-full e-flex e-con e-child\" data-id=\"771bb49\" data-element_type=\"container\" data-e-type=\"container\">\n\t\t\t\t<div class=\"elementor-element elementor-element-4120423 elementor-widget elementor-widget-heading\" data-id=\"4120423\" data-element_type=\"widget\" data-e-type=\"widget\" data-widget_type=\"heading.default\">\n\t\t\t\t<div class=\"elementor-widget-container\">\n\t\t\t\t\t<h2 class=\"elementor-heading-title elementor-size-default\">Excel\u00eancia e resolutividade para fazer a vida acontecer.<\/h2>\t\t\t\t<\/div>\n\t\t\t\t<\/div>\n\t\t\t\t<\/div>\n\t\t<div class=\"elementor-element elementor-element-e14598c e-con-full e-flex e-con e-child\" data-id=\"e14598c\" data-element_type=\"container\" data-e-type=\"container\">\n\t\t\t\t<div class=\"elementor-element elementor-element-f04c62c elementor-widget elementor-widget-text-editor\" data-id=\"f04c62c\" data-element_type=\"widget\" data-e-type=\"widget\" data-widget_type=\"text-editor.default\">\n\t\t\t\t<div class=\"elementor-widget-container\">\n\t\t\t\t\t\t\t\t\t<p>Nossa excel\u00eancia e resolutividade trazem os resultados que precisamos para fazer a vida acontecer. Nossas acredita\u00e7\u00f5es s\u00e3o a prova disso.<\/p><p>Avaliado e concedido por organiza\u00e7\u00f5es externas e independentes, cada acredita\u00e7\u00e3o \u00e9 um s\u00edmbolo de qualidade, resultado e alto padr\u00e3o no atendimento. S\u00e3o conquistas muito importantes para a Serra Meridional e toda a Rede Meridional, que colocam sua vida, seguran\u00e7a e satisfa\u00e7\u00e3o em primeiro lugar.<\/p><p>Um hospital acreditado tamb\u00e9m significa melhoria cont\u00ednua, porque quer dizer que a manuten\u00e7\u00e3o de sua qualidade \u00e9 constantemente avaliada. E assim, se cria uma cultura com todos os nossos profissionais \u2013 uma cultura que preza pela excel\u00eancia em tudo o que faz.<\/p><p><strong>DESDE 2013<\/strong>\u00a0\u2013 Acredita\u00e7\u00e3o ONA N\u00edvel M\u00e1ximo (N\u00edvel 3)<br \/><strong>DESDE 2018<\/strong>\u00a0\u2013 Atestado de Excel\u00eancia em Preven\u00e7\u00e3o de Trombose, pelo Instituto Brasileiro de Seguran\u00e7a do Paciente (IBSP)<\/p>\t\t\t\t\t\t\t\t<\/div>\n\t\t\t\t<\/div>\n\t\t\t\t<\/div>\n\t\t\t\t\t<\/div>\n\t\t\t\t<\/div>\n\t\t<div class=\"elementor-element elementor-element-b90812d e-flex e-con-boxed e-con e-parent\" data-id=\"b90812d\" data-element_type=\"container\" data-e-type=\"container\">\n\t\t\t\t\t<div class=\"e-con-inner\">\n\t\t\t\t<div class=\"elementor-element elementor-element-c7d45bd elementor-widget elementor-widget-image\" data-id=\"c7d45bd\" data-element_type=\"widget\" data-e-type=\"widget\" data-widget_type=\"image.default\">\n\t\t\t\t<div class=\"elementor-widget-container\">\n\t\t\t\t\t\t\t\t\t\t\t\t\t\t\t<img decoding=\"async\" width=\"425\" height=\"53\" src=\"https:\/\/meridional.fruto9.com\/serra\/wp-content\/uploads\/sites\/2\/2025\/10\/divider-2.png\" class=\"attachment-large size-large wp-image-205\" alt=\"\" srcset=\"https:\/\/meridional.fruto9.com\/serra\/wp-content\/uploads\/sites\/2\/2025\/10\/divider-2.png 425w, https:\/\/meridional.fruto9.com\/serra\/wp-content\/uploads\/sites\/2\/2025\/10\/divider-2-300x37.png 300w\" sizes=\"(max-width: 425px) 100vw, 425px\" \/>\t\t\t\t\t\t\t\t\t\t\t\t\t\t\t<\/div>\n\t\t\t\t<\/div>\n\t\t\t\t\t<\/div>\n\t\t\t\t<\/div>\n\t\t<div class=\"elementor-element elementor-element-55cb8c5 e-flex e-con-boxed e-con e-parent\" data-id=\"55cb8c5\" data-element_type=\"container\" data-e-type=\"container\">\n\t\t\t\t\t<div class=\"e-con-inner\">\n\t\t\t\t<div class=\"elementor-element elementor-element-7ae36e8 elementor-widget elementor-widget-heading\" data-id=\"7ae36e8\" data-element_type=\"widget\" data-e-type=\"widget\" data-widget_type=\"heading.default\">\n\t\t\t\t<div class=\"elementor-widget-container\">\n\t\t\t\t\t<h2 class=\"elementor-heading-title elementor-size-default\">Nosso compromisso com as pessoas<br> \u00e9 um compromisso com o planeta.<\/h2>\t\t\t\t<\/div>\n\t\t\t\t<\/div>\n\t\t\t\t<div class=\"elementor-element elementor-element-1345baa elementor-align-center elementor-widget elementor-widget-button\" data-id=\"1345baa\" data-element_type=\"widget\" data-e-type=\"widget\" data-widget_type=\"button.default\">\n\t\t\t\t<div class=\"elementor-widget-container\">\n\t\t\t\t\t\t\t\t\t<div class=\"elementor-button-wrapper\">\n\t\t\t\t\t<a class=\"elementor-button elementor-button-link elementor-size-sm\" href=\"#\">\n\t\t\t\t\t\t<span class=\"elementor-button-content-wrapper\">\n\t\t\t\t\t\t\t\t\t<span class=\"elementor-button-text\">Relat\u00f3rio: Gest\u00e3o, Desempenho e Resultados<\/span>\n\t\t\t\t\t<\/span>\n\t\t\t\t\t<\/a>\n\t\t\t\t<\/div>\n\t\t\t\t\t\t\t\t<\/div>\n\t\t\t\t<\/div>\n\t\t\t\t\t<\/div>\n\t\t\t\t<\/div>\n\t\t\t\t<\/div>\n\t\t","protected":false},"excerpt":{"rendered":"<p>Qualidade vem em 1\u00ba lugar porque nossa prioridade \u00e9 voc\u00ea Excel\u00eancia e resolutividade para fazer a vida acontecer. Nossa excel\u00eancia e resolutividade trazem os resultados que precisamos para fazer a vida acontecer. Nossas acredita\u00e7\u00f5es s\u00e3o a prova disso. Avaliado e concedido por organiza\u00e7\u00f5es externas e independentes, cada acredita\u00e7\u00e3o \u00e9 um s\u00edmbolo de qualidade, resultado e [&hellip;]<\/p>\n","protected":false},"author":1,"featured_media":0,"parent":0,"menu_order":0,"comment_status":"closed","ping_status":"closed","template":"elementor_header_footer","meta":{"footnotes":""},"class_list":["post-24","page","type-page","status-publish","hentry"],"_links":{"self":[{"href":"https:\/\/meridional.fruto9.com\/serra\/wp-json\/wp\/v2\/pages\/24","targetHints":{"allow":["GET"]}}],"collection":[{"href":"https:\/\/meridional.fruto9.com\/serra\/wp-json\/wp\/v2\/pages"}],"about":[{"href":"https:\/\/meridional.fruto9.com\/serra\/wp-json\/wp\/v2\/types\/page"}],"author":[{"embeddable":true,"href":"https:\/\/meridional.fruto9.com\/serra\/wp-json\/wp\/v2\/users\/1"}],"replies":[{"embeddable":true,"href":"https:\/\/meridional.fruto9.com\/serra\/wp-json\/wp\/v2\/comments?post=24"}],"version-history":[{"count":28,"href":"https:\/\/meridional.fruto9.com\/serra\/wp-json\/wp\/v2\/pages\/24\/revisions"}],"predecessor-version":[{"id":302,"href":"https:\/\/meridional.fruto9.com\/serra\/wp-json\/wp\/v2\/pages\/24\/revisions\/302"}],"wp:attachment":[{"href":"https:\/\/meridional.fruto9.com\/serra\/wp-json\/wp\/v2\/media?parent=24"}],"curies":[{"name":"wp","href":"https:\/\/api.w.org\/{rel}","templated":true}]}}